{"id":3604,"date":"2019-04-30T18:25:13","date_gmt":"2019-04-30T16:25:13","guid":{"rendered":"http:\/\/broderie-leveque.com\/?page_id=3604"},"modified":"2025-05-13T13:23:37","modified_gmt":"2025-05-13T11:23:37","slug":"mentions-legales","status":"publish","type":"page","link":"https:\/\/broderie-leveque.com\/index.php\/mentions-legales\/","title":{"rendered":"Mentions l\u00e9gales"},"content":{"rendered":"<section  class='av_textblock_section av-jv3lq1gb-4dc0655e6d21b7ecaf8c678a39f7a66a '   itemscope=\"itemscope\" itemtype=\"https:\/\/schema.org\/CreativeWork\" ><div class='avia_textblock'  itemprop=\"text\" ><h1 style=\"text-align: left;\">MENTIONS L\u00c9GALES<\/h1>\n<\/div><\/section>\n\n<style type=\"text\/css\" data-created_by=\"avia_inline_auto\" id=\"style-css-av-jv3lufjq-7e30f9a0fe19c46f8d9472f088b70a61\">\n#top .hr.av-jv3lufjq-7e30f9a0fe19c46f8d9472f088b70a61{\nmargin-top:5px;\nmargin-bottom:0;\n}\n.hr.av-jv3lufjq-7e30f9a0fe19c46f8d9472f088b70a61 .hr-inner{\nwidth:75px;\nborder-color:#e84893;\nmax-width:45%;\n}\n.hr.av-jv3lufjq-7e30f9a0fe19c46f8d9472f088b70a61 .av-seperator-icon{\ncolor:#e84893;\n}\n.hr.av-jv3lufjq-7e30f9a0fe19c46f8d9472f088b70a61 .av-seperator-icon.avia-svg-icon svg:first-child{\nfill:#e84893;\nstroke:#e84893;\n}\n<\/style>\n<div  class='hr av-jv3lufjq-7e30f9a0fe19c46f8d9472f088b70a61 hr-custom  avia-builder-el-1  el_after_av_textblock  el_before_av_one_full  hr-left hr-icon-yes'><span class='hr-inner inner-border-av-border-thin'><span class=\"hr-inner-style\"><\/span><\/span><span class='av-seperator-icon avia-iconfont avia-font-entypo-fontello' data-av_icon='\ue855' data-av_iconfont='entypo-fontello' ><\/span><span class='hr-inner inner-border-av-border-thin'><span class=\"hr-inner-style\"><\/span><\/span><\/div>\n\n<style type=\"text\/css\" data-created_by=\"avia_inline_auto\" id=\"style-css-av-47yqz9-6d2d2807782f9c664094a92c4847442f\">\n.flex_column.av-47yqz9-6d2d2807782f9c664094a92c4847442f{\nborder-radius:0px 0px 0px 0px;\npadding:0px 0px 0px 0px;\n}\n<\/style>\n<div  class='flex_column av-47yqz9-6d2d2807782f9c664094a92c4847442f av_one_full  avia-builder-el-2  el_after_av_hr  avia-builder-el-last  first flex_column_div av-zero-column-padding  '     ><style type=\"text\/css\" data-created_by=\"avia_inline_auto\" id=\"style-css-av-jv3lyb29-04e021073289918f472e8a3a7dc2acbe\">\n#top .av_textblock_section.av-jv3lyb29-04e021073289918f472e8a3a7dc2acbe .avia_textblock{\nfont-size:15px;\n}\n<\/style>\n<section  class='av_textblock_section av-jv3lyb29-04e021073289918f472e8a3a7dc2acbe '   itemscope=\"itemscope\" itemtype=\"https:\/\/schema.org\/CreativeWork\" ><div class='avia_textblock'  itemprop=\"text\" ><p>Tous les \u00e9l\u00e9ments (textes, logos, images, \u00e9l\u00e9ments sonores, logiciels, \u00eecones,\u2026) contenus dans le site ou dans les sites associ\u00e9s sont prot\u00e9g\u00e9s par le droit de propri\u00e9t\u00e9 intellectuelle. Ainsi, aucun des documents provenant du site ne peut \u00eatre copi\u00e9, reproduit, modifi\u00e9, transmis, diffus\u00e9 d\u2019aucune mani\u00e8re que ce soit. Seul est autoris\u00e9 le t\u00e9l\u00e9chargement d\u2019une copie des documents pour votre utilisation personnelle et \u00e0 des fins non commerciales. La modification de ces documents ou leur utilisation dans un autre but constitue une infraction au droit de propri\u00e9t\u00e9 intellectuelle de Broderie L\u00e9v\u00e8que et de ses partenaires.<\/p>\n<p><strong>Photos :<\/strong> \u00a9 Fotolia; \u00a9 Broderie L\u00e9v\u00eaque<\/p>\n<p><strong>Ce site internet est \u00e9dit\u00e9 par la soci\u00e9t\u00e9 Broderie L\u00e9v\u00eaque<\/strong><br \/>\nS.A.R.L. au capital de 50 000 \u20ac<\/p>\n<p><strong>Si\u00e8ge social :<\/strong><br \/>\n<b>Broderie L\u00e9v\u00eaque<\/b><br \/>\n50, rue Parmentier<br \/>\n93100 Montreuil<\/p>\n<p>T\u00e9l\u00e9phone :<strong>\u00a001 48 70 11 20<\/strong><\/p>\n<p>R.C.S. : <span class=\"ficheNumSiren\">315 347 054<\/span>\u00a0\u00a0<span class=\"ficheStatut\">R.C.S.<\/span>\u00a0<span class=\"ficheGreffeNom top\">BOBIGNY<\/span><br \/>\nSIRET : 315 347 054 00050<br \/>\nNAF : 1399Z<\/p>\n<p>G\u00e9rante : Muriel MARGEN<br \/>\nDirecteur de la publication : Muriel NEUMAN<\/p>\n<p><strong>Le pr\u00e9sent site est h\u00e9berg\u00e9 par :<\/strong><br \/>\nla soci\u00e9t\u00e9 OVH \u2013 2, rue Kellermann \u2013 BP80157 \u2013 \u00a059053 Roubaix Cedex 1\u2013 France<\/p>\n<p><strong>Le pr\u00e9sent site est r\u00e9alis\u00e9 par :<\/strong><br \/>\nla soci\u00e9t\u00e9\u00a0<a href=\"http:\/\/www.isaprint.fr\/\"><strong>ISA<\/strong><\/a>\u2013 11, rue Riant\u00a0\u2013 93200 SAINT-DENIS \u2013 France<\/p>\n<p><strong>Garantie :<br \/>\n<\/strong>Ce site web a \u00e9t\u00e9 r\u00e9alis\u00e9 avec le plus grand soin possible. Toutefois, <strong>Broderie L\u00e9v\u00eaque SARL<\/strong> peut pas garantir que les informations contenues soient exemptes d\u2019erreurs et parfaitement pr\u00e9cises. <strong>Broderie L\u00e9v\u00eaque SARL<\/strong>\u00a0exclut toute responsabilit\u00e9 des dommages d\u00e9coulant directement ou indirectement de l\u2019utilisation de ce site web, sauf intention malveillante ou n\u00e9gligence grossi\u00e8re de <strong>Broderie L\u00e9v\u00eaque SARL<\/strong>.<\/p>\n<\/div><\/section><\/div>\n","protected":false},"excerpt":{"rendered":"","protected":false},"author":1,"featured_media":0,"parent":0,"menu_order":0,"comment_status":"closed","ping_status":"closed","template":"","meta":{"footnotes":""},"class_list":["post-3604","page","type-page","status-publish","hentry"],"_links":{"self":[{"href":"https:\/\/broderie-leveque.com\/index.php\/wp-json\/wp\/v2\/pages\/3604","targetHints":{"allow":["GET"]}}],"collection":[{"href":"https:\/\/broderie-leveque.com\/index.php\/wp-json\/wp\/v2\/pages"}],"about":[{"href":"https:\/\/broderie-leveque.com\/index.php\/wp-json\/wp\/v2\/types\/page"}],"author":[{"embeddable":true,"href":"https:\/\/broderie-leveque.com\/index.php\/wp-json\/wp\/v2\/users\/1"}],"replies":[{"embeddable":true,"href":"https:\/\/broderie-leveque.com\/index.php\/wp-json\/wp\/v2\/comments?post=3604"}],"version-history":[{"count":3,"href":"https:\/\/broderie-leveque.com\/index.php\/wp-json\/wp\/v2\/pages\/3604\/revisions"}],"predecessor-version":[{"id":3904,"href":"https:\/\/broderie-leveque.com\/index.php\/wp-json\/wp\/v2\/pages\/3604\/revisions\/3904"}],"wp:attachment":[{"href":"https:\/\/broderie-leveque.com\/index.php\/wp-json\/wp\/v2\/media?parent=3604"}],"curies":[{"name":"wp","href":"https:\/\/api.w.org\/{rel}","templated":true}]}}