{"id":3608,"date":"2019-04-30T18:36:41","date_gmt":"2019-04-30T16:36:41","guid":{"rendered":"http:\/\/broderie-leveque.com\/?page_id=3608"},"modified":"2019-04-30T18:39:32","modified_gmt":"2019-04-30T16:39:32","slug":"donnees-personnelles","status":"publish","type":"page","link":"https:\/\/broderie-leveque.com\/index.php\/donnees-personnelles\/","title":{"rendered":"Donn\u00e9es personnelles"},"content":{"rendered":"<section  class='av_textblock_section av-jv3lq1gb-4dc0655e6d21b7ecaf8c678a39f7a66a '   itemscope=\"itemscope\" itemtype=\"https:\/\/schema.org\/CreativeWork\" ><div class='avia_textblock'  itemprop=\"text\" ><h2 class=\"av-special-heading-tag \">POLITIQUE DE PROTECTION DES DONN\u00c9ES PERSONNELLES<\/h2>\n<\/div><\/section>\n\n<style type=\"text\/css\" data-created_by=\"avia_inline_auto\" id=\"style-css-av-jv3lufjq-5726df3b68fc667f391444750b034e82\">\n#top .hr.av-jv3lufjq-5726df3b68fc667f391444750b034e82{\nmargin-top:5px;\nmargin-bottom:30px;\n}\n.hr.av-jv3lufjq-5726df3b68fc667f391444750b034e82 .hr-inner{\nwidth:75px;\nborder-color:#e84893;\nmax-width:45%;\n}\n.hr.av-jv3lufjq-5726df3b68fc667f391444750b034e82 .av-seperator-icon{\ncolor:#e84893;\n}\n.hr.av-jv3lufjq-5726df3b68fc667f391444750b034e82 .av-seperator-icon.avia-svg-icon svg:first-child{\nfill:#e84893;\nstroke:#e84893;\n}\n<\/style>\n<div  class='hr av-jv3lufjq-5726df3b68fc667f391444750b034e82 hr-custom  avia-builder-el-1  el_after_av_textblock  el_before_av_one_full  hr-left hr-icon-yes'><span class='hr-inner inner-border-av-border-thin'><span class=\"hr-inner-style\"><\/span><\/span><span class='av-seperator-icon avia-iconfont avia-font-entypo-fontello' data-av_icon='\ue855' data-av_iconfont='entypo-fontello' ><\/span><span class='hr-inner inner-border-av-border-thin'><span class=\"hr-inner-style\"><\/span><\/span><\/div>\n\n<style type=\"text\/css\" data-created_by=\"avia_inline_auto\" id=\"style-css-av-47yqz9-6d2d2807782f9c664094a92c4847442f\">\n.flex_column.av-47yqz9-6d2d2807782f9c664094a92c4847442f{\nborder-radius:0px 0px 0px 0px;\npadding:0px 0px 0px 0px;\n}\n<\/style>\n<div  class='flex_column av-47yqz9-6d2d2807782f9c664094a92c4847442f av_one_full  avia-builder-el-2  el_after_av_hr  avia-builder-el-last  first flex_column_div av-zero-column-padding  '     ><style type=\"text\/css\" data-created_by=\"avia_inline_auto\" id=\"style-css-av-jv3lyb29-4eb64f558b275af659db92392b367c43\">\n#top .av_textblock_section.av-jv3lyb29-4eb64f558b275af659db92392b367c43 .avia_textblock{\nfont-size:15px;\n}\n<\/style>\n<section  class='av_textblock_section av-jv3lyb29-4eb64f558b275af659db92392b367c43 '   itemscope=\"itemscope\" itemtype=\"https:\/\/schema.org\/CreativeWork\" ><div class='avia_textblock'  itemprop=\"text\" ><p>Broderie L\u00e9v\u00eaque s\u2019engage, dans le cadre de ses activit\u00e9s et conform\u00e9ment \u00e0 la l\u00e9gislation en vigueur en France et en Europe, \u00e0 assurer la protection, la confidentialit\u00e9 et la s\u00e9curit\u00e9 des donn\u00e9es \u00e0 caract\u00e8re personnel des utilisateurs de ses services, ainsi qu\u2019\u00e0 respecter leur vie priv\u00e9e.<br \/>\nLa pr\u00e9sente Politique vous informe que la fa\u00e7on dont Broderie L\u00e9v\u00eaque traite vos donn\u00e9es personnelles.<br \/>\nElle est susceptible d\u2019\u00eatre compl\u00e9t\u00e9e par des informations sp\u00e9cifiques port\u00e9es \u00e0 la connaissance de I\u2018utilisateur.<\/p>\n<p><strong>Pourquoi Gazflash traite vos donn\u00e9es ?<br \/>\n<\/strong>Broderie L\u00e9v\u00eaque ne traite les donn\u00e9es personnelles que pour des finalit\u00e9s d\u00e9termin\u00e9es, explicites et l\u00e9gitimes. Broderie L\u00e9v\u00eaque ne traite pas ces donn\u00e9es de mani\u00e8re incompatible avec ces finalit\u00e9s.<br \/>\nBroderie L\u00e9v\u00eaque traite les donn\u00e9es dans le cadre de I\u2018ex\u00e9cution d\u2019un contrat<\/p>\n<p><strong>\u00c0 cet effet, les finalit\u00e9s poursuivies par Broderie L\u00e9v\u00eaque sont les suivantes :<br \/>\n<\/strong>. G\u00e9rer l\u2019identit\u00e9 du client ou de utilisateur et I\u2019authentifier<br \/>\n. G\u00e9rer la commande<br \/>\n. G\u00e9rer le mat\u00e9riel<br \/>\n. Facturer et encaisser les paiements<br \/>\n. Assurer le service avant-vente et vendre<br \/>\n. G\u00e9rer les donn\u00e9es personnelles, caract\u00e9ristiques et droits d\u2019un contrat<br \/>\n. Traiter les r\u00e9siliations<br \/>\n. Traiter les r\u00e9clamations<br \/>\n. G\u00e9rer les courriers entrants<br \/>\n. Recouvrer les impay\u00e9s<br \/>\n. G\u00e9rer les demandes relatives aux droits des personnes concern\u00e9es<br \/>\n. Stocker des donn\u00e9es du client ou d\u2019un utilisateur<\/p>\n<p>Les donn\u00e9es sont conserv\u00e9es pour la dur\u00e9e n\u00e9cessaire \u00e0 I \u2018accomplissement des finalit\u00e9s mentionn\u00e9es ci-dessous. S\u2019agissant des traitements relatifs \u00e0 l&#8217;ex\u00e9cution du contrat, les donn\u00e9es peuvent \u00eatre conserv\u00e9es au maximum pour une dur\u00e9e de cinq ans \u00e0 compter de la fin de la relation.<\/p>\n<p><strong>Droits des personnes concern\u00e9es<br \/>\n<\/strong>Les personnes concern\u00e9es par des traitements de donn\u00e9es personnelles disposent d\u2019un droit d\u2019acc\u00e8s, de rectification et de suppression des donn\u00e9es qui les concernent. Elles ont le droit de s\u2019opposer aux traitements r\u00e9alis\u00e9s ou d\u2019en demander la limitation.<br \/>\nLes personnes concern\u00e9es par des traitements de donn\u00e9es personnelles peuvent \u00e9mettre des directives sur la conversation, la suppression ou la communication de leurs donn\u00e9es personnelles apr\u00e8s leurs d\u00e9c\u00e8s.<\/p>\n<p><strong>Exercice des droits<br \/>\n<\/strong>Les personnes concern\u00e9es par des traitements de donn\u00e9es personnelles peuvent exercer leurs droits \u00e0 tout moment, ainsi que contacter le D\u00e9l\u00e9gu\u00e9 \u00e0 la Protection des Donn\u00e9es en \u00e9crivant \u00e0 Broderie L\u00e9v\u00eaque (Mme Muriel) 20, rue Parmentier &#8211; 93100 Montreuil.<br \/>\nToute demande d\u2019exercice de droits doit \u00eatre accompagn\u00e9e de la photocopie d\u2019un justificatif d\u2019identit\u00e9 (carte nationale d\u2019identit\u00e9 d\u00e9livr\u00e9e par l\u2019\u00c9tat fran\u00e7ais ou carte d\u2019identit\u00e9 de l\u2019Union Europ\u00e9enne ou passeport, carte de r\u00e9sident d\u00e9livr\u00e9e par l\u2019\u00c9tat fran\u00e7ais, carte de s\u00e9jour d\u00e9livr\u00e9e par l\u2019\u00c9tat fran\u00e7ais ou livret de circulation d\u00e9livr\u00e9 par l\u2019\u00c9tat fran\u00e7ais).<br \/>\nUne r\u00e9ponse sera adress\u00e9e dans un d\u00e9lai d\u2019un mois \u00e0 compter de la r\u00e9ception de la demande.<br \/>\nSi les \u00e9changes avec Broderie L\u00e9v\u00eaque n\u2019ont pas \u00e9t\u00e9 satisfaisants, la personne concern\u00e9e \u00e0 la possibilit\u00e9 d\u2019introduire une r\u00e9clamation aupr\u00e8s de la Commission Nationale de l\u2019informatique et des Libert\u00e9s (CNIL), autorit\u00e9 de contr\u00f4le en charge du respect des obligations en mati\u00e8re de donn\u00e9es \u00e0 caract\u00e8re personnel France.<\/p>\n<p><strong>Comment les donn\u00e9es sont-elles s\u00e9curis\u00e9es ?<br \/>\n<\/strong>Broderie L\u00e9v\u00eaque s\u2019assure que les donn\u00e9es sont trait\u00e9es en toutes s\u00e9curit\u00e9 et confidentialit\u00e9. \u00c0 cet effet les mesures techniques et organisationnelles appropri\u00e9es pour \u00e9viter la perte, la mauvaise utilisation, l\u2019alt\u00e9ration et la suppression des donn\u00e9es personnelles vous concernant sont mises en place.<br \/>\nCes mesures sont adapt\u00e9es selon le niveau de sensibilit\u00e9 des donn\u00e9es trait\u00e9es et selon le niveau de risque que pr\u00e9sente le traitement ou sa mise en \u0153uvre.<\/p>\n<p><strong>Modification de la Politique de protection des donn\u00e9es<br \/>\n<\/strong>La pr\u00e9sente Politique de protection des donn\u00e9es personnelles peut \u00eatre amen\u00e9e \u00e0 \u00e9voluer.<\/p>\n<\/div><\/section><\/div>\n","protected":false},"excerpt":{"rendered":"","protected":false},"author":1,"featured_media":0,"parent":0,"menu_order":0,"comment_status":"closed","ping_status":"closed","template":"","meta":{"footnotes":""},"class_list":["post-3608","page","type-page","status-publish","hentry"],"_links":{"self":[{"href":"https:\/\/broderie-leveque.com\/index.php\/wp-json\/wp\/v2\/pages\/3608","targetHints":{"allow":["GET"]}}],"collection":[{"href":"https:\/\/broderie-leveque.com\/index.php\/wp-json\/wp\/v2\/pages"}],"about":[{"href":"https:\/\/broderie-leveque.com\/index.php\/wp-json\/wp\/v2\/types\/page"}],"author":[{"embeddable":true,"href":"https:\/\/broderie-leveque.com\/index.php\/wp-json\/wp\/v2\/users\/1"}],"replies":[{"embeddable":true,"href":"https:\/\/broderie-leveque.com\/index.php\/wp-json\/wp\/v2\/comments?post=3608"}],"version-history":[{"count":1,"href":"https:\/\/broderie-leveque.com\/index.php\/wp-json\/wp\/v2\/pages\/3608\/revisions"}],"predecessor-version":[{"id":3609,"href":"https:\/\/broderie-leveque.com\/index.php\/wp-json\/wp\/v2\/pages\/3608\/revisions\/3609"}],"wp:attachment":[{"href":"https:\/\/broderie-leveque.com\/index.php\/wp-json\/wp\/v2\/media?parent=3608"}],"curies":[{"name":"wp","href":"https:\/\/api.w.org\/{rel}","templated":true}]}}